{"id":45,"date":"2018-07-16T15:06:33","date_gmt":"2018-07-16T13:06:33","guid":{"rendered":"https:\/\/www.firodb.de\/?page_id=45"},"modified":"2025-02-03T14:25:42","modified_gmt":"2025-02-03T13:25:42","slug":"profil","status":"publish","type":"page","link":"https:\/\/www.firodb.de\/index.php\/profil-menuepunkt\/profil\/","title":{"rendered":"Profil"},"content":{"rendered":"<p>[et_pb_section fb_built=&#8220;1&#8243; _builder_version=&#8220;4.16&#8243; custom_padding=&#8220;88.2px|0px|50px|0px|false|false&#8220; global_colors_info=&#8220;{}&#8220;][et_pb_row _builder_version=&#8220;4.16&#8243; background_size=&#8220;initial&#8220; background_position=&#8220;top_left&#8220; background_repeat=&#8220;repeat&#8220; custom_padding=&#8220;0|0px|48px|0px|false|false&#8220; global_colors_info=&#8220;{}&#8220;][et_pb_column type=&#8220;4_4&#8243; _builder_version=&#8220;4.16&#8243; custom_padding=&#8220;|||&#8220; global_colors_info=&#8220;{}&#8220; custom_padding__hover=&#8220;|||&#8220;][et_pb_text admin_label=&#8220;Profiltext firo sportphoto&#8220; _builder_version=&#8220;4.16&#8243; global_colors_info=&#8220;{}&#8220;]<\/p>\n<h3>firo sportphoto<\/h3>\n<p>Wir, <a class=\"et_pb_lightbox_image\" title=\"J\u00fcrgen Fromme\" href=\"https:\/\/www.firodb.de\/wp-content\/uploads\/2019\/01\/firo-profil_juergen-fromme-1.jpg\"><img decoding=\"async\" class=\"invisible\" src=\"https:\/\/www.firodb.de\/wp-content\/uploads\/2019\/01\/firo-profil_juergen-fromme-1.jpg\" \/>J\u00fcrgen Fromme<\/a> und <a class=\"et_pb_lightbox_image\" title=\"Ralf Ibing\" href=\"https:\/\/www.firodb.de\/wp-content\/uploads\/2019\/01\/firo-profil_ralf-ibing-1.jpg\"><img decoding=\"async\" class=\"invisible\" src=\"https:\/\/www.firodb.de\/wp-content\/uploads\/2019\/01\/firo-profil_ralf-ibing-1.jpg\" \/>Ralf Ibing<\/a>, haben 1992 zusammen die Agentur <a class=\"et_pb_lightbox_image\" title=\"firo sportphoto\" href=\"https:\/\/www.firodb.de\/wp-content\/uploads\/2019\/08\/beide.jpg\"><img decoding=\"async\" class=\"invisible\" src=\"https:\/\/www.firodb.de\/wp-content\/uploads\/2019\/08\/beide.jpg\" \/>firo sportphoto gegr\u00fcndet<\/a>.<\/p>\n<p>Was in einem kleinen Hinterhof in Bochum begann, f\u00fchrte fast <a class=\"et_pb_lightbox_image\" title=\"30 Jahre sp\u00e4ter\" href=\"https:\/\/www.firodb.de\/wp-content\/uploads\/2019\/01\/firo-profil_30-jahre-spaeter-1.jpg\"><img decoding=\"async\" class=\"invisible\" src=\"https:\/\/www.firodb.de\/wp-content\/uploads\/2019\/01\/firo-profil_30-jahre-spaeter-1.jpg\" \/>30 Jahre sp\u00e4ter<\/a> zu einer der f\u00fchrenden freien Sportfotoagenturen in Deutschland.<\/p>\n<p>Unsere Leidenschaft ist die Suche nach dem richtigen Moment f\u00fcr das perfekte Foto. Dies war von Anbeginn unserer Arbeit unser Hauptanliegen, ist es heute noch und wird auch in Zukunft die t\u00e4gliche Herausforderung unseres aktuellen Teams sein.<\/p>\n<p>Wir waren auf allen Kontinenten der Erde unterwegs und haben viele gro\u00dfe Events wie Weltmeisterschaften, Europameisterschaften, Studioproduktionen und Auftragsproduktionen fotografiert. F\u00fcr gro\u00dfe Konzerne, Werbeagenturen, Fu\u00dfballvereine, Magazine, Verlage und viele andere Auftraggeber durften wir arbeiten. Wir freuen uns sehr dar\u00fcber, dass auch unsere Kunden der &#8222;ersten Stunde&#8220; heute noch mit uns zusammen arbeiten.<\/p>\n<p>Wir flogen mit dem Hubschrauber \u00fcber <a class=\"et_pb_lightbox_image\" title=\"Sibirien\" href=\"https:\/\/www.firodb.de\/wp-content\/uploads\/2019\/01\/firo-profil_sibirien-1.jpg\"><img decoding=\"async\" class=\"invisible\" src=\"https:\/\/www.firodb.de\/wp-content\/uploads\/2019\/01\/firo-profil_sibirien-1.jpg\" \/>Sibirien<\/a>, <a class=\"et_pb_lightbox_image\" title=\"Kapstadt\" href=\"https:\/\/www.firodb.de\/wp-content\/uploads\/2019\/01\/firo-profil_kapstadt-1.jpg\"><img decoding=\"async\" class=\"invisible\" src=\"https:\/\/www.firodb.de\/wp-content\/uploads\/2019\/01\/firo-profil_kapstadt-1.jpg\" \/>Kapstadt<\/a> und <a class=\"et_pb_lightbox_image\" title=\"Sydney\" href=\"https:\/\/www.firodb.de\/wp-content\/uploads\/2019\/01\/firo-profil_sydney-1.jpg\"><img decoding=\"async\" class=\"invisible\" src=\"https:\/\/www.firodb.de\/wp-content\/uploads\/2019\/01\/firo-profil_sydney-1.jpg\" \/>Sydney<\/a>, fotografierten Sportstars unter Wasserf\u00e4llen in <a class=\"et_pb_lightbox_image\" title=\"S\u00fcdafrika\" href=\"https:\/\/www.firodb.de\/wp-content\/uploads\/2019\/01\/firo-profil_suedafrika-1.jpg\"><img decoding=\"async\" class=\"invisible\" src=\"https:\/\/www.firodb.de\/wp-content\/uploads\/2019\/01\/firo-profil_suedafrika-1.jpg\" \/>S\u00fcdafrika<\/a> und fuhren im Auftrag eines gro\u00dfen Autokonzerns durch die <a class=\"et_pb_lightbox_image\" title=\"W\u00fcste Arabiens\" href=\"https:\/\/www.firodb.de\/wp-content\/uploads\/2019\/01\/firo-profil_wueste-arabien-1.jpg\"><img decoding=\"async\" class=\"invisible\" src=\"https:\/\/www.firodb.de\/wp-content\/uploads\/2019\/01\/firo-profil_wueste-arabien-1.jpg\" \/>W\u00fcste Arabiens<\/a>. Wir fotografierten bedeutende <a class=\"et_pb_lightbox_image\" title=\"Politiker\" href=\"https:\/\/www.firodb.de\/wp-content\/uploads\/2019\/01\/firo-profil_politiker-1.jpg\"><img decoding=\"async\" class=\"invisible\" src=\"https:\/\/www.firodb.de\/wp-content\/uploads\/2019\/01\/firo-profil_politiker-1.jpg\" \/>Politiker<\/a> und <a class=\"et_pb_lightbox_image\" title=\"Pr\u00e4sidenten\" href=\"https:\/\/www.firodb.de\/wp-content\/uploads\/2019\/01\/firo-profil_praesidenten-1.jpg\"><img decoding=\"async\" class=\"invisible\" src=\"https:\/\/www.firodb.de\/wp-content\/uploads\/2019\/01\/firo-profil_praesidenten-1.jpg\" \/>Pr\u00e4sidenten<\/a> sowie alle Sportstars der letzten 30 Jahre auf und neben dem Platz: <a class=\"et_pb_lightbox_image\" title=\"Franz Beckenbauer\" href=\"https:\/\/www.firodb.de\/wp-content\/uploads\/2019\/01\/firo-profil_franz-beckenbauer-1.jpg\"><img decoding=\"async\" class=\"invisible\" src=\"https:\/\/www.firodb.de\/wp-content\/uploads\/2019\/01\/firo-profil_franz-beckenbauer-1.jpg\" \/>Franz Beckenbauer<\/a> auf der <a class=\"et_pb_lightbox_image\" title=\"Southfork Ranch\" href=\"https:\/\/www.firodb.de\/wp-content\/uploads\/2019\/01\/firo-profil_southfork-ranch-1.jpg\"><img decoding=\"async\" class=\"invisible\" src=\"https:\/\/www.firodb.de\/wp-content\/uploads\/2019\/01\/firo-profil_southfork-ranch-1.jpg\" \/>Southfork Ranch<\/a>, <a class=\"et_pb_lightbox_image\" title=\"Michael Schumacher\" href=\"https:\/\/www.firodb.de\/wp-content\/uploads\/2019\/01\/firo-profil_michael-schumacher-1.jpg\"><img decoding=\"async\" class=\"invisible\" src=\"https:\/\/www.firodb.de\/wp-content\/uploads\/2019\/01\/firo-profil_michael-schumacher-1.jpg\" \/>Michael Schumacher in der Boxengasse<\/a>, <a class=\"et_pb_lightbox_image\" title=\"Boris Becker\" href=\"https:\/\/www.firodb.de\/wp-content\/uploads\/2019\/01\/firo-profil_boris-becker-1.jpg\">Boris Becker im privaten Umfeld<\/a>, <a class=\"et_pb_lightbox_image\" title=\"Manuel Neuer\" href=\"https:\/\/www.firodb.de\/wp-content\/uploads\/2019\/01\/firo-profil_manuel-neuer-1.jpg\">Manuel Neuer<\/a> in einer Studioproduktion und viele mehr.<\/p>\n<p>Jeder neue Auftrag, jedes neue Format bedeutet f\u00fcr uns eine neue, spannende Herausforderung. Ganz egal ob es sich um spektakul\u00e4re Events oder die fotografische Begleitung eines Jugend-Fu\u00dfballturniers handelt, stets wollen wir die besten Fotos aus all diesen vielf\u00e4ltigen Situationen herausholen &#8211; diese Herausforderung ist unsere t\u00e4gliche Motivation.<\/p>\n<p>Durch ein internationales Netzwerk mit Partner-Fotoagenturen sind wir in der Lage, ein breit gef\u00e4chertes Portfolio anbieten zu k\u00f6nnen. Seit Bestehen unserer Agentur k\u00f6nnen wir uns zu hundert Prozent auf die Profi-Ausr\u00fcstung und den Support der Firma Canon verlassen.<\/p>\n<p>[\/et_pb_text][\/et_pb_column][\/et_pb_row][\/et_pb_section][et_pb_section fb_built=&#8220;1&#8243; _builder_version=&#8220;4.16&#8243; background_color=&#8220;#000000&#8243; custom_margin=&#8220;0px||&#8220; custom_padding=&#8220;96px||96px&#8220; global_colors_info=&#8220;{}&#8220;][et_pb_row column_structure=&#8220;1_2,1_2&#8243; _builder_version=&#8220;4.16&#8243; custom_padding=&#8220;|70px|50px|70px|false|true&#8220; global_colors_info=&#8220;{}&#8220;][et_pb_column type=&#8220;1_2&#8243; _builder_version=&#8220;4.16&#8243; custom_padding=&#8220;|||&#8220; global_colors_info=&#8220;{}&#8220; custom_padding__hover=&#8220;|||&#8220;][et_pb_team_member name=&#8220;J\u00fcrgen Fromme&#8220; image_url=&#8220;https:\/\/www.firodb.de\/wp-content\/uploads\/2019\/08\/JUergen.jpg&#8220; admin_label=&#8220;Profiltext J\u00fcrgen Fromme&#8220; _builder_version=&#8220;4.27.0&#8243; text_orientation=&#8220;left&#8220; background_layout=&#8220;dark&#8220; global_colors_info=&#8220;{}&#8220;]Der M\u00fcnsteraner J\u00fcrgen Fromme kam \u00fcber seine Leidenschaft zum Fu\u00dfball zur Fotografie. 1983 zeigte er seine ersten Bilder der Sportredaktion der Westf\u00e4lischen Nachrichten in der Domstadt. Seitdem war er Mitarbeiter der Tageszeitung, bis er 1990 zu einer renommierten Fotoagentur in Essen wechselte. 1992 machte der damals 25 j\u00e4hrige sich mit seinem Kollegen Ralf Ibing in Bochum selbstst\u00e4ndig. Sie gr\u00fcndeten die Sportfoto Agentur firo sportphoto.<\/p>\n<p>Seit \u00fcber 40 Jahren ist J\u00fcrgen Fromme auf den Sportpl\u00e4tzen dieser Welt mit seiner Kamera unterwegs. Er fotografierte etliche Weltmeisterschaften und bereits neun Fu\u00dfball Europameisterschaften. Er gewann zahlreiche nationale und internationale Fotopreise. Ganz besonders stolz ist der verheiratete zweifache Familienvater auf seine drei Auszeichungen zum besten Sportfoto in Deutschland: das &#8222;Sportfoto des Jahres&#8220;. Diesen besonderen Preis gewann er in den Jahren <a class=\"et_pb_lightbox_image\" title=\"Sportfoto des Jahres 1999 - J\u00fcrgen Fromme\" href=\"https:\/\/www.firodb.de\/wp-content\/uploads\/2019\/02\/firo-profil_sportphoto-1999.jpg\"><img decoding=\"async\" class=\"invisible\" src=\"https:\/\/www.firodb.de\/wp-content\/uploads\/2019\/02\/firo-profil_sportphoto-1999.jpg\">1999<\/a>, <a class=\"et_pb_lightbox_image\" title=\"Sportfoto des Jahres  2007 - J\u00fcrgen Fromme\" href=\"https:\/\/www.firodb.de\/wp-content\/uploads\/2019\/02\/firo-profil_sportphoto-2007.jpg\"><img decoding=\"async\" class=\"invisible\" src=\"https:\/\/www.firodb.de\/wp-content\/uploads\/2019\/02\/firo-profil_sportphoto-2007.jpg\">2007<\/a> sowie <a class=\"et_pb_lightbox_image\" title=\"Sportfoto des Jahres 2011 - J\u00fcrgen Fromme\" href=\"https:\/\/www.firodb.de\/wp-content\/uploads\/2019\/02\/firo-profil_sportphoto-2011.jpg\">2011<\/a>.<\/p>\n<p>Ausstellungen: 2008 Alte Sparkasse in D\u00fclmen, 2008 Herzogenaurach, 2009 European HIO-Center Bad Sassendorf, 2017 Deutsches Fu\u00dfballmuseum, 2019 Loris Art Box D\u00fclmen \u201eHighspeedfotografie\u201c, 04\/2023 &#8211; 01\/2024 \u201eMythos und Moderne Fu\u00dfball im Ruhrgebiet\u201c Essen Zeche Zollverein<\/p>\n<p>J\u00fcrgen Fromme, geb. 16.01.1967 in M\u00fcnster.[\/et_pb_team_member][\/et_pb_column][et_pb_column type=&#8220;1_2&#8243; _builder_version=&#8220;4.16&#8243; custom_padding=&#8220;|||&#8220; global_colors_info=&#8220;{}&#8220; custom_padding__hover=&#8220;|||&#8220;][et_pb_team_member name=&#8220;Ralf Ibing&#8220; image_url=&#8220;https:\/\/www.firodb.de\/wp-content\/uploads\/2019\/08\/5FB807D0-2237-45B0-89AC-B87519891775@fritz.box_.jpeg&#8220; admin_label=&#8220;Profiltext Ralf Ibing&#8220; _builder_version=&#8220;4.27.4&#8243; background_layout=&#8220;dark&#8220; hover_enabled=&#8220;0&#8243; global_colors_info=&#8220;{}&#8220; sticky_enabled=&#8220;0&#8243;]<\/p>\n<p>Der Bochumer Ralf Ibing kaufte seine erste Kamera 1984 und startete seine fotografische Karriere w\u00e4hrend seines Studiums der Geschichte, Geografie und Geologie. Nach einigen zus\u00e4tzlichen Semestern an der FH f\u00fcr Fotodesign in Dortmund gr\u00fcndete Ibing 1992 zusammen mit J\u00fcrgen Fromme die Agentur firo sportphoto. firo sportphoto etablierte sich schnell als eine der f\u00fchrenden Agenturen in Deutschland &#8211; Ralf Ibing wurde mit zahlreichen nationalen und internationalen Preisen ausgezeichnet. Unter anderem mit dem Sportfoto des Jahres <a class=\"et_pb_lightbox_image\" title=\"Sportfoto des Jahres 2004 - Ralf Ibing\" href=\"https:\/\/www.firodb.de\/wp-content\/uploads\/2019\/02\/firo-profil_sportphoto-2004.jpg\">2004<\/a> und <a class=\"et_pb_lightbox_image\" title=\"Sportfoto des Jahres 2024 - Ralf Ibing\" href=\"https:\/\/www.firodb.de\/wp-content\/uploads\/2025\/02\/firo-Ibing-Sportfoto-desJahres2024-scaled.jpg\">2024<\/a> sowie dem 2. Platz beim Weltsportphoto des Jahres 1997 in Japan.<\/p>\n<p>Ralf Ibing durfte durch seinen Job schon viele L\u00e4nder bereisen &#8211; aber ein Land ist sein absoluter Favorit. Aotearoa &#8211; Neuseeland &#8211; ist seine Wahlheimat.<\/p>\n<p>[\/et_pb_team_member][\/et_pb_column][\/et_pb_row][\/et_pb_section]<\/p>\n","protected":false},"excerpt":{"rendered":"<p>firo sportphoto Wir, J\u00fcrgen Fromme und Ralf Ibing, haben 1992 zusammen die Agentur firo sportphoto gegr\u00fcndet. Was in einem kleinen Hinterhof in Bochum begann, f\u00fchrte fast 30 Jahre sp\u00e4ter zu einer der f\u00fchrenden freien Sportfotoagenturen in Deutschland. Unsere Leidenschaft ist die Suche nach dem richtigen Moment f\u00fcr das perfekte Foto. Dies war von Anbeginn unserer [&hellip;]<\/p>\n","protected":false},"author":1,"featured_media":0,"parent":2547,"menu_order":0,"comment_status":"closed","ping_status":"closed","template":"","meta":{"_et_pb_use_builder":"on","_et_pb_old_content":"","_et_gb_content_width":"","ngg_post_thumbnail":0,"footnotes":""},"class_list":["post-45","page","type-page","status-publish","hentry"],"_links":{"self":[{"href":"https:\/\/www.firodb.de\/index.php\/wp-json\/wp\/v2\/pages\/45","targetHints":{"allow":["GET"]}}],"collection":[{"href":"https:\/\/www.firodb.de\/index.php\/wp-json\/wp\/v2\/pages"}],"about":[{"href":"https:\/\/www.firodb.de\/index.php\/wp-json\/wp\/v2\/types\/page"}],"author":[{"embeddable":true,"href":"https:\/\/www.firodb.de\/index.php\/wp-json\/wp\/v2\/users\/1"}],"replies":[{"embeddable":true,"href":"https:\/\/www.firodb.de\/index.php\/wp-json\/wp\/v2\/comments?post=45"}],"version-history":[{"count":6,"href":"https:\/\/www.firodb.de\/index.php\/wp-json\/wp\/v2\/pages\/45\/revisions"}],"predecessor-version":[{"id":8929,"href":"https:\/\/www.firodb.de\/index.php\/wp-json\/wp\/v2\/pages\/45\/revisions\/8929"}],"up":[{"embeddable":true,"href":"https:\/\/www.firodb.de\/index.php\/wp-json\/wp\/v2\/pages\/2547"}],"wp:attachment":[{"href":"https:\/\/www.firodb.de\/index.php\/wp-json\/wp\/v2\/media?parent=45"}],"curies":[{"name":"wp","href":"https:\/\/api.w.org\/{rel}","templated":true}]}}