{"id":3329,"date":"2018-07-16T15:06:33","date_gmt":"2018-07-16T13:06:33","guid":{"rendered":"https:\/\/www.firodb.de\/index.php\/profil\/"},"modified":"2024-08-01T11:12:47","modified_gmt":"2024-08-01T09:12:47","slug":"profil","status":"publish","type":"page","link":"https:\/\/www.firodb.de\/index.php\/profile-menuepunkt\/profil\/?lang=en","title":{"rendered":"Profile"},"content":{"rendered":"<p>[et_pb_section fb_built=&#8220;1&#8243; _builder_version=&#8220;4.16&#8243; custom_padding=&#8220;88.2px|0px|50px|0px|false|false&#8220; global_colors_info=&#8220;{}&#8220;][et_pb_row _builder_version=&#8220;4.16&#8243; background_size=&#8220;initial&#8220; background_position=&#8220;top_left&#8220; background_repeat=&#8220;repeat&#8220; custom_padding=&#8220;0|0px|48px|0px|false|false&#8220; global_colors_info=&#8220;{}&#8220;][et_pb_column type=&#8220;4_4&#8243; _builder_version=&#8220;4.16&#8243; custom_padding=&#8220;|||&#8220; global_colors_info=&#8220;{}&#8220; custom_padding__hover=&#8220;|||&#8220;][et_pb_text admin_label=&#8220;Profiltext firo sportphoto&#8220; _builder_version=&#8220;4.16&#8243; global_colors_info=&#8220;{}&#8220;]<\/p>\n<h3>firo sportphoto<\/h3>\n<p>We, <a class=\"et_pb_lightbox_image\" title=\"J\u00fcrgen Fromme\" href=\"https:\/\/www.firodb.de\/wp-content\/uploads\/2019\/01\/firo-profil_juergen-fromme-1.jpg\"><img decoding=\"async\" class=\"invisible\" src=\"https:\/\/www.firodb.de\/wp-content\/uploads\/2019\/01\/firo-profil_juergen-fromme-1.jpg\">J\u00fcrgen Fromme<\/a> and <a class=\"et_pb_lightbox_image\" title=\"Ralf Ibing\" href=\"https:\/\/www.firodb.de\/wp-content\/uploads\/2019\/01\/firo-profil_ralf-ibing-1.jpg\"><img decoding=\"async\" class=\"invisible\" src=\"https:\/\/www.firodb.de\/wp-content\/uploads\/2019\/01\/firo-profil_ralf-ibing-1.jpg\">Ralf Ibing<\/a>, <a class=\"et_pb_lightbox_image\" title=\"firo sportphoto\" href=\"https:\/\/www.firodb.de\/wp-content\/uploads\/2019\/01\/firo-profil_firosportphoto-1.jpg\"><img decoding=\"async\" class=\"invisible\" src=\"hhttps:\/\/www.firodb.de\/wp-content\/uploads\/2019\/01\/firo-profil_firosportphoto-1.jpg\"><\/a>founded firosportphoto in 1992.<\/p>\n<p>What began in a small backyard led almost <a class=\"et_pb_lightbox_image\" title=\"30 Jahre sp\u00e4ter\" href=\"https:\/\/www.firodb.de\/wp-content\/uploads\/2019\/01\/firo-profil_30-jahre-spaeter-1.jpg\"><img decoding=\"async\" class=\"invisible\" src=\"https:\/\/www.firodb.de\/wp-content\/uploads\/2019\/01\/firo-profil_30-jahre-spaeter-1.jpg\">30 years later<\/a> to one of the leading independent sport photo agencies in Germany. Our ambition is to find a perfect and outstanding perspective in every moment. Since the early days, this is our mission and we as a team accept this challenge every day. We have been on the road all over the world and captured moments such as World Championships, European Championships or studio and customized productions, in photographs. Our clients come from various fields: big corporations, advertising agencies, football clubs, magazines, publishing companies and many more. We are proud that we still work together with our earliest customers.<\/p>\n<p>We flew by helicopter over <a class=\"et_pb_lightbox_image\" title=\"Sibirien\" href=\"https:\/\/www.firodb.de\/wp-content\/uploads\/2019\/01\/firo-profil_sibirien-1.jpg\"><img decoding=\"async\" class=\"invisible\" src=\"https:\/\/www.firodb.de\/wp-content\/uploads\/2019\/01\/firo-profil_sibirien-1.jpg\">Siberia<\/a>, <a class=\"et_pb_lightbox_image\" title=\"Kapstadt\" href=\"https:\/\/www.firodb.de\/wp-content\/uploads\/2019\/01\/firo-profil_kapstadt-1.jpg\"><img decoding=\"async\" class=\"invisible\" src=\"https:\/\/www.firodb.de\/wp-content\/uploads\/2019\/01\/firo-profil_kapstadt-1.jpg\">Cape Town<\/a> and <a class=\"et_pb_lightbox_image\" title=\"Sydney\" href=\"https:\/\/www.firodb.de\/wp-content\/uploads\/2019\/01\/firo-profil_sydney-1.jpg\"><img decoding=\"async\" class=\"invisible\" src=\"https:\/\/www.firodb.de\/wp-content\/uploads\/2019\/01\/firo-profil_sydney-1.jpg\">Sydney<\/a>, we photographed sports stars under waterfalls in <a class=\"et_pb_lightbox_image\" title=\"S\u00fcdafrika\" href=\"https:\/\/www.firodb.de\/wp-content\/uploads\/2019\/01\/firo-profil_suedafrika-1.jpg\"><img decoding=\"async\" class=\"invisible\" src=\"https:\/\/www.firodb.de\/wp-content\/uploads\/2019\/01\/firo-profil_suedafrika-1.jpg\">South Africa<\/a> and drove through the <a class=\"et_pb_lightbox_image\" title=\"W\u00fcste Arabiens\" href=\"https:\/\/www.firodb.de\/wp-content\/uploads\/2019\/01\/firo-profil_wueste-arabien-1.jpg\"><img decoding=\"async\" class=\"invisible\" src=\"https:\/\/www.firodb.de\/wp-content\/uploads\/2019\/01\/firo-profil_wueste-arabien-1.jpg\">desert of Arabia<\/a>. We photographed <a class=\"et_pb_lightbox_image\" title=\"Politiker\" href=\"https:\/\/www.firodb.de\/wp-content\/uploads\/2019\/01\/firo-profil_politiker-1.jpg\"><img decoding=\"async\" class=\"invisible\" src=\"https:\/\/www.firodb.de\/wp-content\/uploads\/2019\/01\/firo-profil_politiker-1.jpg\">polititians<\/a> and <a class=\"et_pb_lightbox_image\" title=\"Pr\u00e4sidenten\" href=\"https:\/\/www.firodb.de\/wp-content\/uploads\/2019\/01\/firo-profil_praesidenten-1.jpg\"><img decoding=\"async\" class=\"invisible\" src=\"https:\/\/www.firodb.de\/wp-content\/uploads\/2019\/01\/firo-profil_praesidenten-1.jpg\">presidents<\/a> and every sports star of the last 30 years, on and off the playing field: <a class=\"et_pb_lightbox_image\" title=\"Franz Beckenbauer\" href=\"https:\/\/www.firodb.de\/wp-content\/uploads\/2019\/01\/firo-profil_franz-beckenbauer-1.jpg\"><img decoding=\"async\" class=\"invisible\" src=\"https:\/\/www.firodb.de\/wp-content\/uploads\/2019\/01\/firo-profil_franz-beckenbauer-1.jpg\">Franz Beckenbauer<\/a> on the <a class=\"et_pb_lightbox_image\" title=\"Southfork Ranch\" href=\"https:\/\/www.firodb.de\/wp-content\/uploads\/2019\/01\/firo-profil_southfork-ranch-1.jpg\"><img decoding=\"async\" class=\"invisible\" src=\"https:\/\/www.firodb.de\/wp-content\/uploads\/2019\/01\/firo-profil_southfork-ranch-1.jpg\">Southfork Ranch<\/a>, <a class=\"et_pb_lightbox_image\" title=\"Michael Schumacher\" href=\"https:\/\/www.firodb.de\/wp-content\/uploads\/2019\/01\/firo-profil_michael-schumacher-1.jpg\"><img decoding=\"async\" class=\"invisible\" src=\"https:\/\/www.firodb.de\/wp-content\/uploads\/2019\/01\/firo-profil_michael-schumacher-1.jpg\">Michael Schumacher in the pit lane<\/a>, <a class=\"et_pb_lightbox_image\" title=\"Boris Becker\" href=\"https:\/\/www.firodb.de\/wp-content\/uploads\/2019\/01\/firo-profil_boris-becker-1.jpg\"><img decoding=\"async\" class=\"invisible\" src=\"href=\">Boris Becker in his private surroundings<\/a> and <a class=\"et_pb_lightbox_image\" title=\"Manuel Neuer\" href=\"https:\/\/www.firodb.de\/wp-content\/uploads\/2019\/01\/firo-profil_manuel-neuer-1.jpg\"><img decoding=\"async\" class=\"invisible\" src=\"href=\">Manuel Neuer in our studio<\/a>.<\/p>\n<p>Every new job is a new and exciting challenge. No matter what event, a spectacular game or a youth football tournament, we always give 100 % and make the best out of every situation.<\/p>\n<p>Thanks to our international network of partner agencies , we are able to offer a wide-ranging portfolio. Since the early days, we put our trust in the high-quality photographic equipment of Canon and we very much appreciate their support over the last years.<\/p>\n<p>[\/et_pb_text][\/et_pb_column][\/et_pb_row][\/et_pb_section][et_pb_section fb_built=&#8220;1&#8243; _builder_version=&#8220;4.16&#8243; background_color=&#8220;#000000&#8243; custom_margin=&#8220;0px||&#8220; custom_padding=&#8220;96px||96px&#8220; global_colors_info=&#8220;{}&#8220;][et_pb_row column_structure=&#8220;1_2,1_2&#8243; _builder_version=&#8220;4.16&#8243; custom_padding=&#8220;|70px|50px|70px|false|true&#8220; global_colors_info=&#8220;{}&#8220;][et_pb_column type=&#8220;1_2&#8243; _builder_version=&#8220;4.16&#8243; custom_padding=&#8220;|||&#8220; global_colors_info=&#8220;{}&#8220; custom_padding__hover=&#8220;|||&#8220;][et_pb_team_member name=&#8220;J\u00fcrgen Fromme&#8220; image_url=&#8220;https:\/\/www.firodb.de\/wp-content\/uploads\/2019\/08\/JUergen.jpg&#8220; admin_label=&#8220;Profiltext J\u00fcrgen Fromme&#8220; _builder_version=&#8220;4.27.0&#8243; text_orientation=&#8220;left&#8220; background_layout=&#8220;dark&#8220; hover_enabled=&#8220;0&#8243; global_colors_info=&#8220;{}&#8220; sticky_enabled=&#8220;0&#8243;]<\/p>\n<p>J\u00fcrgen Fromme became a photographer through his passion about football. In 1983, he showed his first pictures to the sport editorial of the Westf\u00e4lische Nachrichten in M\u00fcnster. Since that day, he worked for daily newspapers until he was employed by a prestigious photo agency in Essen in 1990. 1992, with an age of 25 years, he started together with his colleague Ralf Ibing their own business in Bochum, named firo sportphoto. Since over 40 years, J\u00fcrgen Fromme is on the move with his camera on the sports fields of the world. He took photos of many World Championships and in total nine European Championships. For his outstanding work, he won many national and international awards including the award \u201cSportfoto des Jahres\u201d (Best Sports Photo of the year) in <a class=\"et_pb_lightbox_image\" title=\"Sportfoto des Jahres 1999 - J\u00fcrgen Fromme\" href=\"https:\/\/www.firodb.de\/wp-content\/uploads\/2019\/02\/firo-profil_sportphoto-1999.jpg\"><img decoding=\"async\" class=\"invisible\" src=\"https:\/\/www.firodb.de\/wp-content\/uploads\/2019\/02\/firo-profil_sportphoto-1999.jpg\" \/>1999<\/a>, <a class=\"et_pb_lightbox_image\" title=\"Sportfoto des Jahres  2007 - J\u00fcrgen Fromme\" href=\"https:\/\/www.firodb.de\/wp-content\/uploads\/2019\/02\/firo-profil_sportphoto-2007.jpg\"><img decoding=\"async\" class=\"invisible\" src=\"https:\/\/www.firodb.de\/wp-content\/uploads\/2019\/02\/firo-profil_sportphoto-2007.jpg\" \/>2007<\/a> and <a class=\"et_pb_lightbox_image\" title=\"Sportfoto des Jahres 2011 - J\u00fcrgen Fromme\" href=\"https:\/\/www.firodb.de\/wp-content\/uploads\/2019\/02\/firo-profil_sportphoto-2011.jpg\"><img decoding=\"async\" class=\"invisible\" src=\"href=\" \/>2011<\/a>.<\/p>\n<p>Exhibitions: 2008 Alte Sparkasse in D\u00fclmen, 2008 Herzogenaurach, 2009 European HIO-Center Bad Sassendorf, 2017 Deutsches Fu\u00dfballmuseum, 2019 Loris Art Box D\u00fclmen \u201eHighspeedfotografie\u201c, 04\/2023 &#8211; 01\/2024 \u201eMythos und Moderne Fu\u00dfball im Ruhrgebiet\u201c Essen Zeche Zollverein<\/p>\n<p>J\u00fcrgen Fromme, born 16.01.1967 in M\u00fcnster.<\/p>\n<p>[\/et_pb_team_member][\/et_pb_column][et_pb_column type=&#8220;1_2&#8243; _builder_version=&#8220;4.16&#8243; custom_padding=&#8220;|||&#8220; global_colors_info=&#8220;{}&#8220; custom_padding__hover=&#8220;|||&#8220;][et_pb_team_member name=&#8220;Ralf Ibing&#8220; image_url=&#8220;https:\/\/www.firodb.de\/wp-content\/uploads\/2019\/08\/5FB807D0-2237-45B0-89AC-B87519891775@fritz.box_.jpeg&#8220; admin_label=&#8220;Profiltext Ralf Ibing&#8220; _builder_version=&#8220;4.16&#8243; background_layout=&#8220;dark&#8220; global_colors_info=&#8220;{}&#8220;]Ralf Ibing, born in Bochum, bought his first camera in 1984 and started his photographic career while studying history, geography and geology. After a few additional semesters of Photo Design at the University of Applied Sciences in Dortmund, he founded firosportphoto together with J\u00fcrgen Fromme in 1992. Firo Sportphoto quickly established itself as one of the leading agencies in Germany. During Ralf Ibing\u2019s time at Firo Sportphoto, he was awarded numerous national and international prizes. For instance, \u201cSportfoto des Jahres\u201d (Best sports photo of the year) in 2004, as well as, 2nd place at World Sport Photo of the Year in Japan 1997. As a part of his job, Ralf Ibing travels to many countries. He often travels to New Zealand (his favourite country ) to expand the database with photos of these journeys[\/et_pb_team_member][\/et_pb_column][\/et_pb_row][\/et_pb_section]<\/p>\n","protected":false},"excerpt":{"rendered":"<p>firo sportphoto We, J\u00fcrgen Fromme and Ralf Ibing, founded firosportphoto in 1992. What began in a small backyard led almost 30 years later to one of the leading independent sport photo agencies in Germany. Our ambition is to find a perfect and outstanding perspective in every moment. Since the early days, this is our mission [&hellip;]<\/p>\n","protected":false},"author":1,"featured_media":0,"parent":3607,"menu_order":0,"comment_status":"closed","ping_status":"closed","template":"","meta":{"_et_pb_use_builder":"on","_et_pb_old_content":"","_et_gb_content_width":"","ngg_post_thumbnail":0,"footnotes":""},"class_list":["post-3329","page","type-page","status-publish","hentry"],"_links":{"self":[{"href":"https:\/\/www.firodb.de\/index.php\/wp-json\/wp\/v2\/pages\/3329","targetHints":{"allow":["GET"]}}],"collection":[{"href":"https:\/\/www.firodb.de\/index.php\/wp-json\/wp\/v2\/pages"}],"about":[{"href":"https:\/\/www.firodb.de\/index.php\/wp-json\/wp\/v2\/types\/page"}],"author":[{"embeddable":true,"href":"https:\/\/www.firodb.de\/index.php\/wp-json\/wp\/v2\/users\/1"}],"replies":[{"embeddable":true,"href":"https:\/\/www.firodb.de\/index.php\/wp-json\/wp\/v2\/comments?post=3329"}],"version-history":[{"count":20,"href":"https:\/\/www.firodb.de\/index.php\/wp-json\/wp\/v2\/pages\/3329\/revisions"}],"predecessor-version":[{"id":8512,"href":"https:\/\/www.firodb.de\/index.php\/wp-json\/wp\/v2\/pages\/3329\/revisions\/8512"}],"up":[{"embeddable":true,"href":"https:\/\/www.firodb.de\/index.php\/wp-json\/wp\/v2\/pages\/3607"}],"wp:attachment":[{"href":"https:\/\/www.firodb.de\/index.php\/wp-json\/wp\/v2\/media?parent=3329"}],"curies":[{"name":"wp","href":"https:\/\/api.w.org\/{rel}","templated":true}]}}