{"id":33,"date":"2018-07-16T15:04:58","date_gmt":"2018-07-16T15:04:58","guid":{"rendered":"https:\/\/www.firodb.de\/?page_id=33"},"modified":"2022-08-31T15:07:13","modified_gmt":"2022-08-31T13:07:13","slug":"impressum","status":"publish","type":"page","link":"https:\/\/www.firodb.de\/index.php\/impressum\/","title":{"rendered":"Impressum"},"content":{"rendered":"<p>[et_pb_section fb_built=&#8220;1&#8243; _builder_version=&#8220;4.16&#8243; global_colors_info=&#8220;{}&#8220;][et_pb_row _builder_version=&#8220;4.16&#8243; background_size=&#8220;initial&#8220; background_position=&#8220;top_left&#8220; background_repeat=&#8220;repeat&#8220; custom_padding=&#8220;0|0px|0|0px|false|false&#8220; global_colors_info=&#8220;{}&#8220;][et_pb_column type=&#8220;4_4&#8243; _builder_version=&#8220;4.16&#8243; custom_padding=&#8220;|||&#8220; global_colors_info=&#8220;{}&#8220; custom_padding__hover=&#8220;|||&#8220;][et_pb_text _builder_version=&#8220;4.18.0&#8243; max_width=&#8220;70%&#8220; hover_enabled=&#8220;0&#8243; global_colors_info=&#8220;{}&#8220; sticky_enabled=&#8220;0&#8243;]<\/p>\n<h5>firo sportphoto GbR<\/h5>\n<p>Stockhover Weg 17 a<br \/> 48249 D\u00fclmen<br \/> Fon: +49 2594 9916004<br \/> Fax: +49 2594 9916005<br \/> E-Mail: <a href=\"mailto:mail@firosportphoto.de\">mail@firosportphoto.de<\/a><\/p>\n<h5>Gesch\u00e4ftsdaten<\/h5>\n<p>Amtsgericht D\u00fclmen<br \/> Gesch\u00e4ftsf\u00fchrer: J\u00fcrgen Fromme, Ralf Ibing<\/p>\n<h5>UST-ID<\/h5>\n<p>DE 153286591<\/p>\n<h5>Haftungsauschluss<\/h5>\n<p>Haftungsanspr\u00fcche, die sich aus der Nutzung oder Nichtnutzung der hier dargebotenen Informationen bzw. durch die Nutzung fehlerhafter und\/oder unvollst\u00e4ndiger Informationen verursacht wurden, sind grunds\u00e4tzlich ausgeschlossen. Es sei denn, es liegt nachweislich ein vors\u00e4tzliches oder grob fahrl\u00e4ssiges Verschulden seitens firo sportphoto vor.<\/p>\n<p>firo sportphoto distanziert sich ausdr\u00fccklich von allen Inhalten aller verlinkten\/verkn\u00fcpften Seiten. Bei Erstellung der externen Verweise wurden die verlinkten Inhalte auf ihre Rechtm\u00e4\u00dfigkeit gepr\u00fcft. Die Urheberrechte aller hier verwendeten Bilder, Grafiken und Texte liegen ausschlie\u00dflich bei firo sportphoto.<br \/> Die Weiterverwendung der hier publizierten Inhalte ist, auch in Teilen, ausdr\u00fccklich untersagt.<\/p>\n<p>Dieser Haftungsausschluss ist als Teil des Internetangebotes zu betrachten, von dem aus auf diese Seite verwiesen wurde. Sofern Teile oder einzelne Formulierungen dieses Textes der geltenden Rechtslage nicht, nicht mehr oder nicht vollst\u00e4ndig entsprechen sollten, bleiben die \u00fcbrigen Teile des Dokumentes in ihrem Inhalt und ihrer G\u00fcltigkeit davon unber\u00fchrt.<\/p>\n<p>[\/et_pb_text][\/et_pb_column][\/et_pb_row][\/et_pb_section]<\/p>\n","protected":false},"excerpt":{"rendered":"<p>firo sportphoto GbR Stockhover Weg 17 a 48249 D\u00fclmen Fon: +49 2594 9916004 Fax: +49 2594 9916005 E-Mail: mail@firosportphoto.de Gesch\u00e4ftsdaten Amtsgericht D\u00fclmen Gesch\u00e4ftsf\u00fchrer: J\u00fcrgen Fromme, Ralf Ibing UST-ID DE 153286591 Haftungsauschluss Haftungsanspr\u00fcche, die sich aus der Nutzung oder Nichtnutzung der hier dargebotenen Informationen bzw. durch die Nutzung fehlerhafter und\/oder unvollst\u00e4ndiger Informationen verursacht wurden, sind grunds\u00e4tzlich [&hellip;]<\/p>\n","protected":false},"author":1,"featured_media":0,"parent":0,"menu_order":0,"comment_status":"closed","ping_status":"closed","template":"","meta":{"_et_pb_use_builder":"on","_et_pb_old_content":"","_et_gb_content_width":"","ngg_post_thumbnail":0,"footnotes":""},"class_list":["post-33","page","type-page","status-publish","hentry"],"_links":{"self":[{"href":"https:\/\/www.firodb.de\/index.php\/wp-json\/wp\/v2\/pages\/33","targetHints":{"allow":["GET"]}}],"collection":[{"href":"https:\/\/www.firodb.de\/index.php\/wp-json\/wp\/v2\/pages"}],"about":[{"href":"https:\/\/www.firodb.de\/index.php\/wp-json\/wp\/v2\/types\/page"}],"author":[{"embeddable":true,"href":"https:\/\/www.firodb.de\/index.php\/wp-json\/wp\/v2\/users\/1"}],"replies":[{"embeddable":true,"href":"https:\/\/www.firodb.de\/index.php\/wp-json\/wp\/v2\/comments?post=33"}],"version-history":[{"count":1,"href":"https:\/\/www.firodb.de\/index.php\/wp-json\/wp\/v2\/pages\/33\/revisions"}],"predecessor-version":[{"id":7994,"href":"https:\/\/www.firodb.de\/index.php\/wp-json\/wp\/v2\/pages\/33\/revisions\/7994"}],"wp:attachment":[{"href":"https:\/\/www.firodb.de\/index.php\/wp-json\/wp\/v2\/media?parent=33"}],"curies":[{"name":"wp","href":"https:\/\/api.w.org\/{rel}","templated":true}]}}