{"id":29,"date":"2018-07-16T15:01:26","date_gmt":"2018-07-16T13:01:26","guid":{"rendered":"https:\/\/www.firodb.de\/?page_id=29"},"modified":"2021-03-19T10:54:51","modified_gmt":"2021-03-19T09:54:51","slug":"partner","status":"publish","type":"page","link":"https:\/\/www.firodb.de\/index.php\/profil-menuepunkt\/partner\/","title":{"rendered":"Partner"},"content":{"rendered":"<p>[et_pb_section fb_built=&#8220;1&#8243; _builder_version=&#8220;3.22&#8243;][et_pb_row _builder_version=&#8220;3.25&#8243; background_size=&#8220;initial&#8220; background_position=&#8220;top_left&#8220; background_repeat=&#8220;repeat&#8220;][et_pb_column type=&#8220;4_4&#8243; _builder_version=&#8220;3.25&#8243; custom_padding=&#8220;|||&#8220; custom_padding__hover=&#8220;|||&#8220;][et_pb_text _builder_version=&#8220;3.27.4&#8243;]<\/p>\n<h2>Wir m\u00f6chten uns ganz herzlich bei unseren langj\u00e4hrigen Partnern bedanken:<\/h2>\n<p>[\/et_pb_text][\/et_pb_column][\/et_pb_row][et_pb_row column_structure=&#8220;1_3,1_3,1_3&#8243; _builder_version=&#8220;3.25&#8243; background_size=&#8220;initial&#8220; background_position=&#8220;top_left&#8220; background_repeat=&#8220;repeat&#8220; custom_padding=&#8220;48px|0px|48px|0px|false|false&#8220;][et_pb_column type=&#8220;1_3&#8243; _builder_version=&#8220;3.25&#8243; custom_padding=&#8220;|||&#8220; custom_padding__hover=&#8220;|||&#8220;][et_pb_image src=&#8220;https:\/\/www.firodb.de\/wp-content\/uploads\/2019\/02\/Canon-Logo.png&#8220; url=&#8220;https:\/\/www.canon.de\/&#8220; url_new_window=&#8220;on&#8220; show_bottom_space=&#8220;off&#8220; align_tablet=&#8220;center&#8220; align_phone=&#8220;&#8220; align_last_edited=&#8220;on|desktop&#8220; _builder_version=&#8220;3.23&#8243;][\/et_pb_image][\/et_pb_column][et_pb_column type=&#8220;1_3&#8243; _builder_version=&#8220;3.25&#8243; custom_padding=&#8220;|||&#8220; custom_padding__hover=&#8220;|||&#8220;][\/et_pb_column][et_pb_column type=&#8220;1_3&#8243; _builder_version=&#8220;3.25&#8243; custom_padding=&#8220;|||&#8220; custom_padding__hover=&#8220;|||&#8220;][\/et_pb_column][\/et_pb_row][et_pb_row column_structure=&#8220;1_3,2_3&#8243; _builder_version=&#8220;3.25&#8243; background_size=&#8220;initial&#8220; background_position=&#8220;top_left&#8220; background_repeat=&#8220;repeat&#8220;][et_pb_column type=&#8220;1_3&#8243; _builder_version=&#8220;3.25&#8243; custom_padding=&#8220;|||&#8220; custom_padding__hover=&#8220;|||&#8220;][et_pb_image src=&#8220;https:\/\/www.firodb.de\/wp-content\/uploads\/2019\/02\/DAM-United_Logo.png&#8220; url=&#8220;https:\/\/www.dam-united.com\/&#8220; url_new_window=&#8220;on&#8220; align=&#8220;center&#8220; align_tablet=&#8220;center&#8220; align_phone=&#8220;&#8220; align_last_edited=&#8220;on|desktop&#8220; admin_label=&#8220;DAM United Logo&#8220; _builder_version=&#8220;3.23&#8243; module_alignment=&#8220;center&#8220;][\/et_pb_image][\/et_pb_column][et_pb_column type=&#8220;2_3&#8243; _builder_version=&#8220;3.25&#8243; custom_padding=&#8220;|||&#8220; custom_padding__hover=&#8220;|||&#8220;][et_pb_text admin_label=&#8220;Text&#8220; _builder_version=&#8220;4.9.2&#8243;]<\/p>\n<p>Die DAM United AG ist einer der international f\u00fchrenden Dienstleister f\u00fcr Multimedial\u00f6sungen im Enterprise-Bereich \u2013 eng vernetzt mit allen f\u00fchrenden Herstellern, aber 100 % unabh\u00e4ngig. Die Consultants und Entwickler bieten langj\u00e4hrige Projekterfahrungen mit den relevanten DAM-\/MAM-\/Web2Print-L\u00f6sungen und bieten Full Service f\u00fcr alle Projektgr\u00f6\u00dfen. Dazu z\u00e4hlen Strategie-Workshops und neutrale Beratung zur Systemauswahl sowie Implementierung, Customizing, Schulungen, Support und Hosting.<\/p>\n<p>Lesen Sie auch die spannende <a href=\"https:\/\/www.dam-united.com\/dam-referenzen\/firo-sportphoto\/\" target=\"_blank\" rel=\"noopener\">Success Story<\/a>, die wir zusammen mit DAM United erstellt haben.<\/p>\n<p>[\/et_pb_text][\/et_pb_column][\/et_pb_row][\/et_pb_section]<\/p>\n","protected":false},"excerpt":{"rendered":"<p>Wir m\u00f6chten uns ganz herzlich bei unseren langj\u00e4hrigen Partnern bedanken:Die DAM United AG ist einer der international f\u00fchrenden Dienstleister f\u00fcr Multimedial\u00f6sungen im Enterprise-Bereich \u2013 eng vernetzt mit allen f\u00fchrenden Herstellern, aber 100 % unabh\u00e4ngig. Die Consultants und Entwickler bieten langj\u00e4hrige Projekterfahrungen mit den relevanten DAM-\/MAM-\/Web2Print-L\u00f6sungen und bieten Full Service f\u00fcr alle Projektgr\u00f6\u00dfen. Dazu z\u00e4hlen Strategie-Workshops [&hellip;]<\/p>\n","protected":false},"author":1,"featured_media":0,"parent":2547,"menu_order":0,"comment_status":"closed","ping_status":"closed","template":"","meta":{"_et_pb_use_builder":"on","_et_pb_old_content":"","_et_gb_content_width":"","ngg_post_thumbnail":0,"footnotes":""},"class_list":["post-29","page","type-page","status-publish","hentry"],"_links":{"self":[{"href":"https:\/\/www.firodb.de\/index.php\/wp-json\/wp\/v2\/pages\/29","targetHints":{"allow":["GET"]}}],"collection":[{"href":"https:\/\/www.firodb.de\/index.php\/wp-json\/wp\/v2\/pages"}],"about":[{"href":"https:\/\/www.firodb.de\/index.php\/wp-json\/wp\/v2\/types\/page"}],"author":[{"embeddable":true,"href":"https:\/\/www.firodb.de\/index.php\/wp-json\/wp\/v2\/users\/1"}],"replies":[{"embeddable":true,"href":"https:\/\/www.firodb.de\/index.php\/wp-json\/wp\/v2\/comments?post=29"}],"version-history":[{"count":0,"href":"https:\/\/www.firodb.de\/index.php\/wp-json\/wp\/v2\/pages\/29\/revisions"}],"up":[{"embeddable":true,"href":"https:\/\/www.firodb.de\/index.php\/wp-json\/wp\/v2\/pages\/2547"}],"wp:attachment":[{"href":"https:\/\/www.firodb.de\/index.php\/wp-json\/wp\/v2\/media?parent=29"}],"curies":[{"name":"wp","href":"https:\/\/api.w.org\/{rel}","templated":true}]}}