{"id":20,"date":"2018-07-16T14:57:54","date_gmt":"2018-07-16T14:57:54","guid":{"rendered":"https:\/\/www.firodb.de\/?page_id=20"},"modified":"2026-02-05T13:16:18","modified_gmt":"2026-02-05T12:16:18","slug":"startseite","status":"publish","type":"page","link":"https:\/\/www.firodb.de\/","title":{"rendered":"Startseite"},"content":{"rendered":"<p>[et_pb_section fb_built=&#8220;1&#8243; _builder_version=&#8220;4.16&#8243; _module_preset=&#8220;default&#8220; custom_padding=&#8220;0px||0px||false|false&#8220; global_colors_info=&#8220;{}&#8220;][et_pb_row _builder_version=&#8220;4.16&#8243; _module_preset=&#8220;default&#8220; width=&#8220;100%&#8220; max_width=&#8220;100%&#8220; custom_padding=&#8220;0px||0px||false|false&#8220; global_colors_info=&#8220;{}&#8220;][et_pb_column type=&#8220;4_4&#8243; _builder_version=&#8220;4.16&#8243; _module_preset=&#8220;default&#8220; global_colors_info=&#8220;{}&#8220;][et_pb_slider show_pagination=&#8220;off&#8220; use_bg_overlay=&#8220;off&#8220; use_text_overlay=&#8220;on&#8220; text_overlay_color=&#8220;rgba(255,255,255,0.2)&#8220; _builder_version=&#8220;4.27.5&#8243; _module_preset=&#8220;default&#8220; content_max_width=&#8220;90%&#8220; min_height=&#8220;100vh&#8220; auto=&#8220;on&#8220; auto_speed=&#8220;6000&#8243; custom_css_main_element=&#8220;min-height: calc(100vh &#8211; 200px)!important;&#8220; global_colors_info=&#8220;{}&#8220;][et_pb_slide heading=&#8220;Willkommen bei firo sportphoto&#8220; admin_title=&#8220;Willkommen bei firo sportphoto&#8220; _builder_version=&#8220;4.27.5&#8243; _module_preset=&#8220;default&#8220; background_color=&#8220;RGBA(255,255,255,0)&#8220; background_enable_color=&#8220;on&#8220; background_image=&#8220;https:\/\/www.firodb.de\/wp-content\/uploads\/2026\/02\/Startseite-Slider-02-2026_Willkommen.jpg&#8220; background_enable_image=&#8220;on&#8220; custom_css_main_element=&#8220;min-height: calc(100vh &#8211; 200px)!important;&#8220; global_colors_info=&#8220;{}&#8220; sticky_transition=&#8220;on&#8220;][\/et_pb_slide][et_pb_slide heading=&#8220;\u00dcber 30 Jahre Sportphotografie&#8220; admin_title=&#8220;\u00dcber 30 Jahre Sportphotografie&#8220; _builder_version=&#8220;4.16&#8243; _module_preset=&#8220;default&#8220; background_color=&#8220;RGBA(255,255,255,0)&#8220; background_enable_color=&#8220;on&#8220; background_image=&#8220;https:\/\/www.firodb.de\/wp-content\/uploads\/2022\/01\/Startseite_Slider_01-2022_30JahreSportfotografie.jpg&#8220; background_enable_image=&#8220;on&#8220; custom_css_main_element=&#8220;min-height: calc(100vh &#8211; 200px)!important;&#8220; global_colors_info=&#8220;{}&#8220; sticky_transition=&#8220;on&#8220;][\/et_pb_slide][et_pb_slide heading=&#8220;Unz\u00e4hlige Europa- und Weltmeisterschaften diverser Sportarten&#8220; admin_title=&#8220;Unz\u00e4hlige Europa- und Weltmeisterschaften diverser Sportarten&#8220; _builder_version=&#8220;4.27.0&#8243; _module_preset=&#8220;default&#8220; background_color=&#8220;RGBA(255,255,255,0)&#8220; background_enable_color=&#8220;on&#8220; background_image=&#8220;https:\/\/www.firodb.de\/wp-content\/uploads\/2024\/08\/Startseite_Slider_08-2024_EuropaWeltmeisterschaften.jpg&#8220; background_enable_image=&#8220;on&#8220; custom_css_main_element=&#8220;min-height: calc(100vh &#8211; 200px)!important;&#8220; global_colors_info=&#8220;{}&#8220; sticky_transition=&#8220;on&#8220;][\/et_pb_slide][et_pb_slide heading=&#8220;\u00dcber 40.000 Fu\u00dfballspiele&#8220; admin_title=&#8220;\u00dcber 40.000 Fu\u00dfballspiele&#8220; _builder_version=&#8220;4.27.5&#8243; _module_preset=&#8220;default&#8220; background_color=&#8220;RGBA(255,255,255,0)&#8220; background_enable_color=&#8220;on&#8220; background_image=&#8220;https:\/\/www.firodb.de\/wp-content\/uploads\/2026\/02\/Startseite-Slider-02-2026_Ueber40000Fussballspiele.jpg&#8220; background_enable_image=&#8220;on&#8220; custom_css_main_element=&#8220;min-height: calc(100vh &#8211; 200px)!important;&#8220; global_colors_info=&#8220;{}&#8220; sticky_transition=&#8220;on&#8220;][\/et_pb_slide][et_pb_slide heading=&#8220;2 Millionen digitalisierte Fotos&#8220; admin_title=&#8220;2 Millionen digitalisierte Fotos&#8220; _builder_version=&#8220;4.27.4&#8243; _module_preset=&#8220;default&#8220; background_color=&#8220;RGBA(255,255,255,0)&#8220; background_enable_color=&#8220;on&#8220; background_image=&#8220;https:\/\/www.firodb.de\/wp-content\/uploads\/2025\/02\/Startseite-Slider-02-2025_2MillionenFotos.jpg&#8220; background_enable_image=&#8220;on&#8220; custom_css_main_element=&#8220;min-height: calc(100vh &#8211; 200px)!important;&#8220; global_colors_info=&#8220;{}&#8220; sticky_transition=&#8220;on&#8220;][\/et_pb_slide][et_pb_slide heading=&#8220;Und es werden t\u00e4glich mehr&#8220; admin_title=&#8220;Und es werden t\u00e4glich mehr&#8220; _builder_version=&#8220;4.27.5&#8243; _module_preset=&#8220;default&#8220; background_color=&#8220;RGBA(255,255,255,0)&#8220; background_enable_color=&#8220;on&#8220; background_image=&#8220;https:\/\/www.firodb.de\/wp-content\/uploads\/2026\/02\/Startseite-Slider-02-2026_UndTaeglichMehr.jpg&#8220; background_enable_image=&#8220;on&#8220; custom_css_main_element=&#8220;min-height: calc(100vh &#8211; 200px)!important;&#8220; global_colors_info=&#8220;{}&#8220; sticky_transition=&#8220;on&#8220;][\/et_pb_slide][et_pb_slide heading=&#8220;Direkter Download aus unserer Datenbank&#8220; admin_title=&#8220;Direkter Download aus unserer Datenbank&#8220; _builder_version=&#8220;4.27.5&#8243; _module_preset=&#8220;default&#8220; background_color=&#8220;RGBA(255,255,255,0)&#8220; background_enable_color=&#8220;on&#8220; background_image=&#8220;https:\/\/www.firodb.de\/wp-content\/uploads\/2026\/02\/Startseite-Slider-02-2026_DirekterDownload.jpg&#8220; background_enable_image=&#8220;on&#8220; custom_css_main_element=&#8220;min-height: calc(100vh &#8211; 200px)!important;&#8220; global_colors_info=&#8220;{}&#8220; sticky_transition=&#8220;on&#8220;][\/et_pb_slide][et_pb_slide heading=&#8220;Jede Suche&#8230;&#8220; admin_title=&#8220;Jede Suche&#8230;&#8220; _builder_version=&#8220;4.27.5&#8243; _module_preset=&#8220;default&#8220; background_color=&#8220;RGBA(255,255,255,0)&#8220; background_enable_color=&#8220;on&#8220; background_image=&#8220;https:\/\/www.firodb.de\/wp-content\/uploads\/2026\/02\/Startseite-Slider-02-2026_JedeSuche.jpg&#8220; background_enable_image=&#8220;on&#8220; custom_css_main_element=&#8220;min-height: calc(100vh &#8211; 200px)!important;&#8220; global_colors_info=&#8220;{}&#8220; sticky_transition=&#8220;on&#8220;][\/et_pb_slide][et_pb_slide heading=&#8220;&#8230;ein Volltreffer&#8220; admin_title=&#8220;&#8230;ein Volltreffer&#8220; _builder_version=&#8220;4.27.5&#8243; _module_preset=&#8220;default&#8220; background_color=&#8220;RGBA(255,255,255,0)&#8220; background_enable_color=&#8220;on&#8220; background_image=&#8220;https:\/\/www.firodb.de\/wp-content\/uploads\/2026\/02\/Startseite-Slider-02-2026_EinVolltreffer.jpg&#8220; background_enable_image=&#8220;on&#8220; custom_css_main_element=&#8220;min-height: calc(100vh &#8211; 200px)!important;&#8220; global_colors_info=&#8220;{}&#8220; sticky_transition=&#8220;on&#8220;][\/et_pb_slide][et_pb_slide heading=&#8220;\u00dcber 1 Million analoge Fotos&#8220; admin_title=&#8220;\u00dcber 1 Million analoge Fotos&#8220; _builder_version=&#8220;4.16&#8243; _module_preset=&#8220;default&#8220; background_color=&#8220;RGBA(255,255,255,0)&#8220; background_enable_color=&#8220;on&#8220; background_image=&#8220;https:\/\/www.firodb.de\/wp-content\/uploads\/2022\/01\/Startseite_Slider_01-2022_AnalogeFotos.jpg&#8220; background_enable_image=&#8220;on&#8220; custom_css_main_element=&#8220;min-height: calc(100vh &#8211; 200px)!important;&#8220; global_colors_info=&#8220;{}&#8220; sticky_transition=&#8220;on&#8220;][\/et_pb_slide][et_pb_slide heading=&#8220;Weltweite Vernetzung mit Partneragenturen&#8220; admin_title=&#8220;Weltweite Vernetzung mit Partneragenturen&#8220; _builder_version=&#8220;4.27.0&#8243; _module_preset=&#8220;default&#8220; background_color=&#8220;RGBA(255,255,255,0)&#8220; background_enable_color=&#8220;on&#8220; background_image=&#8220;https:\/\/www.firodb.de\/wp-content\/uploads\/2024\/08\/Startseite_Slider_08-2024_WeltweiteVernetzung.jpg&#8220; background_enable_image=&#8220;on&#8220; custom_css_main_element=&#8220;min-height: calc(100vh &#8211; 200px)!important;&#8220; global_colors_info=&#8220;{}&#8220; sticky_transition=&#8220;on&#8220;][\/et_pb_slide][et_pb_slide heading=&#8220;5 Auszeichnungen f\u00fcr das beste Sportfoto des Jahres&#8220; admin_title=&#8220;5 Auszeichnungen f\u00fcr das beste Sportfoto des Jahres&#8220; _builder_version=&#8220;4.27.4&#8243; _module_preset=&#8220;default&#8220; background_color=&#8220;RGBA(255,255,255,0)&#8220; background_enable_color=&#8220;on&#8220; background_image=&#8220;https:\/\/www.firodb.de\/wp-content\/uploads\/2022\/01\/Startseite_Slider_01-2022_Preisfotos.jpg&#8220; background_enable_image=&#8220;on&#8220; custom_css_main_element=&#8220;min-height: calc(100vh &#8211; 200px)!important;&#8220; global_colors_info=&#8220;{}&#8220; sticky_transition=&#8220;on&#8220;][\/et_pb_slide][et_pb_slide heading=&#8220;Erstellung exklusiver Studioproduktionen und Foto-Reportagen&#8220; admin_title=&#8220;Erstellung exklusiver Studioproduktionen und Foto-Reportagen&#8220; _builder_version=&#8220;4.27.5&#8243; _module_preset=&#8220;default&#8220; background_color=&#8220;RGBA(255,255,255,0)&#8220; background_enable_color=&#8220;on&#8220; background_image=&#8220;https:\/\/www.firodb.de\/wp-content\/uploads\/2026\/02\/Startseite-Slider-02-2026_ErstellungStudioproduktionen.jpg&#8220; background_enable_image=&#8220;on&#8220; custom_css_main_element=&#8220;min-height: calc(100vh &#8211; 200px)!important;&#8220; global_colors_info=&#8220;{}&#8220; sticky_transition=&#8220;on&#8220;][\/et_pb_slide][\/et_pb_slider][\/et_pb_column][\/et_pb_row][\/et_pb_section][et_pb_section fb_built=&#8220;1&#8243; _builder_version=&#8220;4.16&#8243; background_color=&#8220;rgba(255,255,255,0.2)&#8220; custom_margin=&#8220;20px||||false|false&#8220; custom_padding=&#8220;0|0px|0|0px|false|false&#8220; global_colors_info=&#8220;{}&#8220;][et_pb_row module_class=&#8220; et_pb_row_fullwidth&#8220; _builder_version=&#8220;4.16&#8243; background_size=&#8220;initial&#8220; background_position=&#8220;top_left&#8220; background_repeat=&#8220;repeat&#8220; width=&#8220;89%&#8220; width_tablet=&#8220;80%&#8220; width_phone=&#8220;&#8220; width_last_edited=&#8220;on|desktop&#8220; max_width=&#8220;89%&#8220; max_width_tablet=&#8220;80%&#8220; max_width_phone=&#8220;&#8220; max_width_last_edited=&#8220;on|desktop&#8220; custom_padding=&#8220;0|0px|40.0667px|0px|false|false&#8220; make_fullwidth=&#8220;on&#8220; global_colors_info=&#8220;{}&#8220;][et_pb_column type=&#8220;4_4&#8243; _builder_version=&#8220;4.16&#8243; custom_padding=&#8220;|||&#8220; global_colors_info=&#8220;{}&#8220; custom_padding__hover=&#8220;|||&#8220;][et_pb_blurb use_icon=&#8220;on&#8220; font_icon=&#8220;&#x7c;||divi||400&#8243; content_max_width=&#8220;1100px&#8220; _builder_version=&#8220;4.16&#8243; header_font=&#8220;|700|||||||&#8220; body_font=&#8220;||||||||&#8220; body_text_align=&#8220;center&#8220; body_font_size=&#8220;20px&#8220; body_line_height=&#8220;1.4em&#8220; text_orientation=&#8220;center&#8220; body_font_size_tablet=&#8220;18px&#8220; body_font_size_phone=&#8220;16px&#8220; body_font_size_last_edited=&#8220;on|phone&#8220; global_colors_info=&#8220;{}&#8220;]<\/p>\n<h1 class=\"span4\">firo sportphoto \u2013 30 Jahre Sportphotographie<\/h1>\n<p class=\"span4\">Professionelle User erhalten von uns einen pers\u00f6nlichen Zugang zu unserer Datenbank.<\/p>\n<p>Wir unterst\u00fctzen Sie aktiv bei bei Ihrer Bildsuche in unserer Datenbank und erstellen Ihnen eine individuelle Bildkollektion.<\/p>\n<p>Gerne machen wir Ihnen ein Angebot f\u00fcr besondere Shootings und Fotoproduktionen.<\/p>\n<p>[\/et_pb_blurb][\/et_pb_column][\/et_pb_row][et_pb_row column_structure=&#8220;1_3,1_3,1_3&#8243; _builder_version=&#8220;4.16&#8243; global_colors_info=&#8220;{}&#8220;][et_pb_column type=&#8220;1_3&#8243; _builder_version=&#8220;4.16&#8243; custom_padding=&#8220;|||&#8220; global_colors_info=&#8220;{}&#8220; custom_padding__hover=&#8220;|||&#8220;][et_pb_image src=&#8220;https:\/\/www.firodb.de\/wp-content\/uploads\/2026\/02\/start_image_aktuelle-fotos.jpg&#8220; title_text=&#8220;start_image_aktuelle-fotos&#8220; url=&#8220;\/index.php\/aktuelle-diashow\/&#8220; use_overlay=&#8220;on&#8220; hover_icon=&#8220;&#xe075;||divi||400&#8243; show_bottom_space=&#8220;off&#8220; align=&#8220;center&#8220; align_tablet=&#8220;center&#8220; align_phone=&#8220;&#8220; align_last_edited=&#8220;on|desktop&#8220; admin_label=&#8220;Bild aktuelle Diashow Galerie&#8220; _builder_version=&#8220;4.27.5&#8243; background_size=&#8220;initial&#8220; hover_enabled=&#8220;0&#8243; box_shadow_style=&#8220;preset2&#8243; global_colors_info=&#8220;{}&#8220; alt=&#8220;Startseite Bild Aktuelle Fotos Galerie&#8220; sticky_enabled=&#8220;0&#8243;]<\/p>\n<p>[\/et_pb_image][et_pb_text admin_label=&#8220;Text aktuelle Diashow Galerie&#8220; _builder_version=&#8220;4.27.0&#8243; text_font=&#8220;|600|||||||&#8220; text_font_size=&#8220;20px&#8220; text_line_height=&#8220;1.8em&#8220; background_color=&#8220;#666666&#8243; background_position=&#8220;bottom_center&#8220; background_blend=&#8220;soft-light&#8220; custom_margin=&#8220;0px|0px|0px|0px&#8220; custom_padding=&#8220;0px|0px|0px|0px&#8220; global_colors_info=&#8220;{}&#8220;]<\/p>\n<p style=\"text-align: center;\"><span style=\"color: #ffffff;\"><strong>AKTUELLE DIASHOW<br \/><\/strong><\/span><\/p>\n<p>[\/et_pb_text][\/et_pb_column][et_pb_column type=&#8220;1_3&#8243; _builder_version=&#8220;4.16&#8243; custom_padding=&#8220;|||&#8220; global_colors_info=&#8220;{}&#8220; custom_padding__hover=&#8220;|||&#8220;][et_pb_image src=&#8220;https:\/\/www.firodb.de\/wp-content\/uploads\/2024\/08\/startseite_studio-shooting-galerie_08-2024-1.jpg&#8220; title_text=&#8220;startseite_studio-shooting-galerie_08-2024&#8243; url=&#8220;\/index.php\/galerien-startseite\/studio-shooting\/&#8220; use_overlay=&#8220;on&#8220; overlay_icon_color=&#8220;#00aa85&#8243; hover_icon=&#8220;&#xe075;||divi||400&#8243; show_bottom_space=&#8220;off&#8220; align_tablet=&#8220;center&#8220; align_phone=&#8220;&#8220; align_last_edited=&#8220;on|desktop&#8220; admin_label=&#8220;Bild Studio-Shooting Galerie&#8220; _builder_version=&#8220;4.27.0&#8243; box_shadow_style=&#8220;preset2&#8243; global_colors_info=&#8220;{}&#8220;]<\/p>\n<p>[\/et_pb_image][et_pb_text admin_label=&#8220;Text Studio-Shooting Galerie&#8220; _builder_version=&#8220;4.27.0&#8243; text_font=&#8220;|600|||||||&#8220; text_font_size=&#8220;20px&#8220; text_line_height=&#8220;1.8em&#8220; background_color=&#8220;#666666&#8243; background_position=&#8220;bottom_center&#8220; background_blend=&#8220;soft-light&#8220; custom_margin=&#8220;0px|0px|0px|0px&#8220; custom_padding=&#8220;0px|0px|10px|0px||&#8220; global_colors_info=&#8220;{}&#8220;]<\/p>\n<p style=\"text-align: center;\"><span style=\"color: #ffffff;\">STUDIO-SHOO<strong>TING<\/strong><\/span><\/p>\n<p>[\/et_pb_text][\/et_pb_column][et_pb_column type=&#8220;1_3&#8243; _builder_version=&#8220;4.16&#8243; custom_padding=&#8220;|||&#8220; global_colors_info=&#8220;{}&#8220; custom_padding__hover=&#8220;|||&#8220;][et_pb_image src=&#8220;https:\/\/www.firodb.de\/wp-content\/uploads\/2024\/08\/startseite_drohnen-shooting-galerie_08-2024-1.jpg&#8220; title_text=&#8220;startseite_drohnen-shooting-galerie_08-2024&#8243; url=&#8220;\/index.php\/galerien-startseite\/drohnen-shooting\/&#8220; use_overlay=&#8220;on&#8220; overlay_icon_color=&#8220;#00aa85&#8243; hover_icon=&#8220;&#xe075;||divi||400&#8243; show_bottom_space=&#8220;off&#8220; align=&#8220;center&#8220; align_tablet=&#8220;center&#8220; align_phone=&#8220;&#8220; align_last_edited=&#8220;on|desktop&#8220; admin_label=&#8220;Bild Drohnen-Shooting Galerie&#8220; _builder_version=&#8220;4.27.0&#8243; box_shadow_style=&#8220;preset2&#8243; global_colors_info=&#8220;{}&#8220;]<\/p>\n<p>[\/et_pb_image][et_pb_text admin_label=&#8220;Text Drohnen-Shooting Galerie&#8220; _builder_version=&#8220;4.27.0&#8243; text_font=&#8220;|600|||||||&#8220; text_font_size=&#8220;20px&#8220; text_line_height=&#8220;1.8em&#8220; header_font=&#8220;||||||||&#8220; background_color=&#8220;#666666&#8243; background_size=&#8220;initial&#8220; background_position=&#8220;bottom_center&#8220; background_blend=&#8220;soft-light&#8220; custom_margin=&#8220;0px|0px|0px|0px&#8220; custom_padding=&#8220;0px|0px|0px|0px&#8220; global_colors_info=&#8220;{}&#8220;]<\/p>\n<p style=\"text-align: center;\"><span style=\"color: #ffffff;\">DROHNEN-SHOO<strong>TING<\/strong><\/span><\/p>\n<p>[\/et_pb_text][\/et_pb_column][\/et_pb_row][\/et_pb_section][et_pb_section fb_built=&#8220;1&#8243; admin_label=&#8220;database-login&#8220; module_id=&#8220;database-login&#8220; _builder_version=&#8220;4.16&#8243; background_color=&#8220;#000000&#8243; custom_padding=&#8220;||100px&#8220; global_colors_info=&#8220;{}&#8220;][et_pb_row _builder_version=&#8220;4.16&#8243; custom_padding=&#8220;7px|0px|0|0px|false|false&#8220; global_colors_info=&#8220;{}&#8220;][et_pb_column type=&#8220;4_4&#8243; _builder_version=&#8220;4.16&#8243; custom_padding=&#8220;|||&#8220; global_colors_info=&#8220;{}&#8220; custom_padding__hover=&#8220;|||&#8220;][et_pb_text admin_label=&#8220;Datenbank Login f\u00fcr registrierte Benutzer&#8220; _builder_version=&#8220;4.16&#8243; text_font=&#8220;||||||||&#8220; text_text_color=&#8220;#ffffff&#8220; text_font_size=&#8220;22px&#8220; header_font=&#8220;||||||||&#8220; global_colors_info=&#8220;{}&#8220;]<\/p>\n<h3><span style=\"color: #ffffff;\">Datenbank Login f\u00fcr registrierte Benutzer<\/span><\/h3>\n<p>[\/et_pb_text][\/et_pb_column][\/et_pb_row][et_pb_row _builder_version=&#8220;4.16&#8243; background_size=&#8220;initial&#8220; background_position=&#8220;top_left&#8220; background_repeat=&#8220;repeat&#8220; custom_padding=&#8220;43.9167px|0px|0|0px|false|false&#8220; global_colors_info=&#8220;{}&#8220;][et_pb_column type=&#8220;4_4&#8243; _builder_version=&#8220;4.16&#8243; custom_padding=&#8220;|||&#8220; global_colors_info=&#8220;{}&#8220; custom_padding__hover=&#8220;|||&#8220;][et_pb_code admin_label=&#8220;Loginform&#8220; _builder_version=&#8220;4.16&#8243; width=&#8220;100%&#8220; width_tablet=&#8220;&#8220; width_phone=&#8220;500px&#8220; width_last_edited=&#8220;on|phone&#8220; max_width=&#8220;100%&#8220; global_colors_info=&#8220;{}&#8220;]<\/p>\n<div class=\"et_pb_contact\"><!-- [et_pb_line_break_holder] --><\/p>\n<form class=\"et_pb_contact_form clearfix\" name=\"form1\" method=\"post\" action=\"https:\/\/firodb.de\/login\/authenticate\" target=\"_blank\"><!-- [et_pb_line_break_holder] -->    <input type=\"hidden\" name=\"encoding\" value=\"ISO-8859-1\"\/><!-- [et_pb_line_break_holder] --><!-- [et_pb_line_break_holder] -->    \t<pee class=\"et_pb_contact_field et_pb_contact_field_0 et_pb_contact_field_half login_input_fields\"><!-- [et_pb_line_break_holder] -->        <input class=\"input login_input_fields\" type=\"text\" name=\"username\" id=\"username\" value=\"\"><!-- [et_pb_line_break_holder] -->      <\/pee><!-- [et_pb_line_break_holder] --><!-- [et_pb_line_break_holder] -->    \t<pee class=\"et_pb_contact_field et_pb_contact_field_1 et_pb_contact_field_half et_pb_contact_field_last login_input_fields\"><!-- [et_pb_line_break_holder] -->        <input class=\"input login_input_fields\" type=\"password\" name=\"password\" id=\"password\" value=\"\"><!-- [et_pb_line_break_holder] -->      <\/pee><!-- [et_pb_line_break_holder] --><!-- [et_pb_line_break_holder] -->      <\/p>\n<div class=\"et_contact_bottom_container\"><!-- [et_pb_line_break_holder] -->        <button type=\"submit\" name=\"Submit\" class=\"et_pb_contact_submit et_pb_button\">Login<\/button><!-- [et_pb_line_break_holder] -->    <\/div>\n<p><!-- [et_pb_line_break_holder] -->  <\/form>\n<p><!-- [et_pb_line_break_holder] --><\/div>\n<p>[\/et_pb_code][\/et_pb_column][\/et_pb_row][et_pb_row _builder_version=&#8220;4.16&#8243; custom_padding=&#8220;10px|0px|3px|0px|false|false&#8220; global_colors_info=&#8220;{}&#8220;][et_pb_column type=&#8220;4_4&#8243; _builder_version=&#8220;4.16&#8243; custom_padding=&#8220;|||&#8220; global_colors_info=&#8220;{}&#8220; custom_padding__hover=&#8220;|||&#8220;][et_pb_text admin_label=&#8220;Wenn Sie bereits Kunde bei uns sind&#8230;&#8230;&#8220; _builder_version=&#8220;4.27.4&#8243; text_font=&#8220;||||||||&#8220; text_text_color=&#8220;#ffffff&#8220; header_font=&#8220;||||||||&#8220; global_colors_info=&#8220;{}&#8220;]<\/p>\n<p>Wenn Sie bereits Kunde bei uns sind, k\u00f6nnen Sie sich \u00fcber dieses Formular direkt in unsere Datenbank einloggen. Bitte beachten Sie auch unsere erkl\u00e4rende <b><a title=\"firo sportphoto Brosch\u00fcre Datenbank\" href=\"https:\/\/www.firodb.de\/wp-content\/uploads\/2018\/07\/Broschuere_firodb_2015.pdf\" target=\"_blank\" rel=\"noopener noreferrer\">Brosch\u00fcre<\/a><\/b>.<\/p>\n<p>Professionelle Anwender erhalten Ihren Zugang zu unserer Datenbank unter der Telefonnummer <b>02594 9916004<\/b> oder per <b><a href=\"mailto:mail@firosportphoto.de\">E-Mail<\/a><\/b>.<\/p>\n<p>[\/et_pb_text][\/et_pb_column][\/et_pb_row][\/et_pb_section][et_pb_section fb_built=&#8220;1&#8243; _builder_version=&#8220;4.16&#8243; custom_padding=&#8220;34px|0px|143px|0px|false|false&#8220; global_colors_info=&#8220;{}&#8220;][et_pb_row _builder_version=&#8220;4.16&#8243; custom_padding=&#8220;0|0px|0|0px|false|false&#8220; global_colors_info=&#8220;{}&#8220;][et_pb_column type=&#8220;4_4&#8243; _builder_version=&#8220;4.16&#8243; custom_padding=&#8220;|||&#8220; global_colors_info=&#8220;{}&#8220; custom_padding__hover=&#8220;|||&#8220;][et_pb_image src=&#8220;https:\/\/www.firodb.de\/wp-content\/uploads\/2019\/02\/Canon-Logo.png&#8220; url=&#8220;https:\/\/www.canon.de\/&#8220; url_new_window=&#8220;on&#8220; align=&#8220;center&#8220; align_tablet=&#8220;center&#8220; align_phone=&#8220;&#8220; align_last_edited=&#8220;on|desktop&#8220; _builder_version=&#8220;4.16&#8243; max_width=&#8220;20%&#8220; module_alignment=&#8220;center&#8220; global_colors_info=&#8220;{}&#8220;][\/et_pb_image][\/et_pb_column][\/et_pb_row][\/et_pb_section]<\/p>\n","protected":false},"excerpt":{"rendered":"<p>firo sportphoto \u2013 30 Jahre Sportphotographie Professionelle User erhalten von uns einen pers\u00f6nlichen Zugang zu unserer Datenbank. Wir unterst\u00fctzen Sie aktiv bei bei Ihrer Bildsuche in unserer Datenbank und erstellen Ihnen eine individuelle Bildkollektion. Gerne machen wir Ihnen ein Angebot f\u00fcr besondere Shootings und Fotoproduktionen. AKTUELLE DIASHOW STUDIO-SHOOTING DROHNEN-SHOOTINGDatenbank Login f\u00fcr registrierte BenutzerWenn Sie bereits [&hellip;]<\/p>\n","protected":false},"author":1,"featured_media":0,"parent":0,"menu_order":0,"comment_status":"closed","ping_status":"closed","template":"","meta":{"_et_pb_use_builder":"on","_et_pb_old_content":"","_et_gb_content_width":"","ngg_post_thumbnail":0,"footnotes":""},"class_list":["post-20","page","type-page","status-publish","hentry"],"_links":{"self":[{"href":"https:\/\/www.firodb.de\/index.php\/wp-json\/wp\/v2\/pages\/20","targetHints":{"allow":["GET"]}}],"collection":[{"href":"https:\/\/www.firodb.de\/index.php\/wp-json\/wp\/v2\/pages"}],"about":[{"href":"https:\/\/www.firodb.de\/index.php\/wp-json\/wp\/v2\/types\/page"}],"author":[{"embeddable":true,"href":"https:\/\/www.firodb.de\/index.php\/wp-json\/wp\/v2\/users\/1"}],"replies":[{"embeddable":true,"href":"https:\/\/www.firodb.de\/index.php\/wp-json\/wp\/v2\/comments?post=20"}],"version-history":[{"count":46,"href":"https:\/\/www.firodb.de\/index.php\/wp-json\/wp\/v2\/pages\/20\/revisions"}],"predecessor-version":[{"id":9064,"href":"https:\/\/www.firodb.de\/index.php\/wp-json\/wp\/v2\/pages\/20\/revisions\/9064"}],"wp:attachment":[{"href":"https:\/\/www.firodb.de\/index.php\/wp-json\/wp\/v2\/media?parent=20"}],"curies":[{"name":"wp","href":"https:\/\/api.w.org\/{rel}","templated":true}]}}