{"id":1182,"date":"2018-07-16T15:04:58","date_gmt":"2018-07-16T13:04:58","guid":{"rendered":"https:\/\/www.firodb.de\/index.php\/imprint\/"},"modified":"2024-08-01T11:06:51","modified_gmt":"2024-08-01T09:06:51","slug":"impressum","status":"publish","type":"page","link":"https:\/\/www.firodb.de\/index.php\/impressum\/?lang=en","title":{"rendered":"Imprint"},"content":{"rendered":"<p>[et_pb_section fb_built=&#8220;1&#8243; _builder_version=&#8220;4.16&#8243; global_colors_info=&#8220;{}&#8220;][et_pb_row _builder_version=&#8220;4.16&#8243; background_size=&#8220;initial&#8220; background_position=&#8220;top_left&#8220; background_repeat=&#8220;repeat&#8220; custom_padding=&#8220;0|0px|0|0px|false|false&#8220; global_colors_info=&#8220;{}&#8220;][et_pb_column type=&#8220;4_4&#8243; _builder_version=&#8220;4.16&#8243; custom_padding=&#8220;|||&#8220; global_colors_info=&#8220;{}&#8220; custom_padding__hover=&#8220;|||&#8220;][et_pb_text _builder_version=&#8220;4.27.0&#8243; max_width=&#8220;70%&#8220; hover_enabled=&#8220;0&#8243; global_colors_info=&#8220;{}&#8220; sticky_enabled=&#8220;0&#8243;]<\/p>\n<h5>firo sportphoto GbR<\/h5>\n<p>Stockhover Weg 17 a<br \/>48249 D\u00fclmen<br \/>Fon: +49 2594 9916004<br \/>Fax: +49 2594 9916005<br \/>E-Mail: <a href=\"mailto:mail@firosportphoto.de\">mail@firosportphoto.de<\/a><\/p>\n<h5>Business data<\/h5>\n<p>Amtsgericht D\u00fclmen<br \/>Managing directors: J\u00fcrgen Fromme, Ralf Ibing<\/p>\n<h5>VAT ID<\/h5>\n<p>DE 153286591<\/p>\n<h5>Disclaimer of liability<\/h5>\n<p>Liability claims arising from the use or non-use of the information provided here or from the use of incorrect and\/or incomplete information are fundamentally excluded. Unless there is evidence of wilful intent or gross negligence on the part of firo sportphoto.<\/p>\n<p>firo sportphoto expressly distances itself from all contents of all linked pages. When the external links were created, the linked content was checked for legality. The copyrights of all images, graphics and texts used here belong exclusively to firo sportphoto.<br \/>The further use of the content published here, even in part, is expressly prohibited.<\/p>\n<p>This disclaimer is to be regarded as part of the internet publication which you were referred from. If sections or individual terms of this statement are not legal or correct, the content or validity of the other parts remain uninfluenced by this fact.<\/p>\n<p>&nbsp;<\/p>\n<p>[\/et_pb_text][\/et_pb_column][\/et_pb_row][\/et_pb_section]<\/p>\n","protected":false},"excerpt":{"rendered":"<p>firo sportphoto GbR Stockhover Weg 17 a48249 D\u00fclmenFon: +49 2594 9916004Fax: +49 2594 9916005E-Mail: mail@firosportphoto.de Business data Amtsgericht D\u00fclmenManaging directors: J\u00fcrgen Fromme, Ralf Ibing VAT ID DE 153286591 Disclaimer of liability Liability claims arising from the use or non-use of the information provided here or from the use of incorrect and\/or incomplete information are fundamentally [&hellip;]<\/p>\n","protected":false},"author":1,"featured_media":0,"parent":0,"menu_order":0,"comment_status":"closed","ping_status":"closed","template":"","meta":{"_et_pb_use_builder":"on","_et_pb_old_content":"","_et_gb_content_width":"","ngg_post_thumbnail":0,"footnotes":""},"class_list":["post-1182","page","type-page","status-publish","hentry"],"_links":{"self":[{"href":"https:\/\/www.firodb.de\/index.php\/wp-json\/wp\/v2\/pages\/1182","targetHints":{"allow":["GET"]}}],"collection":[{"href":"https:\/\/www.firodb.de\/index.php\/wp-json\/wp\/v2\/pages"}],"about":[{"href":"https:\/\/www.firodb.de\/index.php\/wp-json\/wp\/v2\/types\/page"}],"author":[{"embeddable":true,"href":"https:\/\/www.firodb.de\/index.php\/wp-json\/wp\/v2\/users\/1"}],"replies":[{"embeddable":true,"href":"https:\/\/www.firodb.de\/index.php\/wp-json\/wp\/v2\/comments?post=1182"}],"version-history":[{"count":6,"href":"https:\/\/www.firodb.de\/index.php\/wp-json\/wp\/v2\/pages\/1182\/revisions"}],"predecessor-version":[{"id":8504,"href":"https:\/\/www.firodb.de\/index.php\/wp-json\/wp\/v2\/pages\/1182\/revisions\/8504"}],"wp:attachment":[{"href":"https:\/\/www.firodb.de\/index.php\/wp-json\/wp\/v2\/media?parent=1182"}],"curies":[{"name":"wp","href":"https:\/\/api.w.org\/{rel}","templated":true}]}}